{"id":2,"date":"2019-06-14T15:36:56","date_gmt":"2019-06-14T13:36:56","guid":{"rendered":"https:\/\/maratier.com\/?page_id=2"},"modified":"2020-01-14T16:46:21","modified_gmt":"2020-01-14T15:46:21","slug":"activite","status":"publish","type":"page","link":"https:\/\/maratier.com\/fr\/activite\/","title":{"rendered":"Activit\u00e9"},"content":{"rendered":"<div class=\"bloc-info\">\n<div class=\"row align-items-center\">\n<div class=\"col-sm-12 col-xs-12 col-md-6\"><img loading=\"lazy\" decoding=\"async\" class=\"bordered\" src=\"https:\/\/maratier.com\/wp-content\/uploads\/2019\/07\/maratier.png\" alt=\"\" width=\"492\" height=\"356\" \/><\/div>\n<div class=\"col-sm-12 col-xs-12 col-md-6 infos-maratier\">\n<p>Install\u00e9e en r\u00e9gion parisienne, la soci\u00e9t\u00e9 Maratier est sp\u00e9cialis\u00e9e dans la location d\u2019armes et costumes r\u00e9glement\u00e9s. Elle est une v\u00e9ritable r\u00e9f\u00e9rence dans le monde cin\u00e9matographique fran\u00e7ais et europ\u00e9en.La soci\u00e9t\u00e9 offre un service client\u00e8le personnalis\u00e9 qui s\u2019appuie sur un stock de plus de 15 000 armes, couvrant toutes les \u00e9poques, o\u00f9 se c\u00f4toient les arm\u00e9es romaines et m\u00e9di\u00e9vales,les \u00e9p\u00e9es de la Renaissance, les mousquets napol\u00e9oniens et les fusils d\u2019assaut les plus modernes. Un atelier de fabrication nous permet de modifier ou de r\u00e9aliser tous types de costumes ou d&rsquo;accessoires demand\u00e9s par les productions<\/p>\n<\/div>\n<\/div>\n<\/div>\n<div>\n<h2 style=\"text-align: center;\">Une histoire de plus de 50 ans<\/h2>\n<\/div>\n<ul class=\"timeline\">\n<li class=\"event\" data-date=\"1974\">Jean-Charles Maratier est entr\u00e9 dans le domaine du cin\u00e9ma en 1968 en mettant \u00e0 la disposition des soci\u00e9t\u00e9s de production des v\u00e9hicules d\u2019\u00e9poque. Il cr\u00e9e en 1974 la soci\u00e9t\u00e9 Maratier qui poursuit son activit\u00e9 de location de voitures d\u2019\u00e9poque et parall\u00e8lement d\u00e9veloppe une activit\u00e9 de location de costumes.<\/li>\n<li class=\"event\" data-date=\"1980\">En 1980 les voitures c\u00e8dent leur place aux costumes, l\u2019armurerie est cr\u00e9\u00e9e et la soci\u00e9t\u00e9 s\u2019installe rue du Plateau dans le 19e \u00e0 Paris.<\/li>\n<li class=\"event\" data-date=\"1987\">En 1987 Jean-Charles Maratier confie \u00e0 son fils Christophe le d\u00e9veloppement de l\u2019armurerie.<\/li>\n<li class=\"event\" data-date=\"1991\">Par besoin d\u2019espace, les stocks sont transf\u00e9r\u00e9s en 1991 \u00e0 La Courneuve dans des locaux plus spacieux. A partir de 1992 des activit\u00e9s compl\u00e9mentaires se d\u00e9veloppent : cr\u00e9ation et restauration d\u2019armes et d\u2019uniformes, location d\u2019accessoires.<\/li>\n<li class=\"event\" data-date=\"2012\">Cr\u00e9ation JMC TEAM, par Christophe MARATIER et Jean Michel Chapelain, qui met \u00e0 disposition des \u00e9quipes entrain\u00e9es, en costumes, capables d\u2019intervenir sur les tournages comme troupes d\u2019\u00e9lite du RAID, GIGN ou forces sp\u00e9ciales des diff\u00e9rents corps d\u2019arm\u00e9es.<\/li>\n<li class=\"event\" data-date=\"Aujourd'hui\">Install\u00e9e dans des locaux agrandis et r\u00e9agenc\u00e9s, c\u2019est aujourd\u2019hui une \u00e9quipe de 15 personnes qui intervient dans les domaines du cin\u00e9ma, du th\u00e9\u00e2tre, de l\u2019audiovisuel et de l\u2019\u00e9v\u00e8nementiel.<br \/>\nNotre maison ne cesse de se d\u00e9velopper, et compte parmi ses fid\u00e8les clients les plus grands professionnels du cin\u00e9ma fran\u00e7ais et international.<\/li>\n<\/ul>\n<div class=\"bloc-info\">\n<div class=\"row align-items-center\">\n<div class=\"col-sm-12 col-xs-12 col-md-6\"><img decoding=\"async\" class=\"bordered\" src=\"https:\/\/maratier.com\/wp-content\/uploads\/2019\/07\/armes-reelles.png\" alt=\"Armes r\u00e9elles\" \/><\/div>\n<div class=\"col-sm-12 col-xs-12 col-md-6 description\">\n<div>\n<h2>Les armes<\/h2>\n<p>Nos armes \u00e0 feu sont syst\u00e9matiquement modifi\u00e9es pour \u00eatre rendues inaptes aux tirs de balles r\u00e9elles et assurer la s\u00e9curit\u00e9 des acteurs et techniciens. Ce sont des vraies armes soumises \u00e0 r\u00e9glementation.<\/p>\n<p>Des r\u00e9pliques factices sont \u00e9galement \u00e0 votre disposition pour les d\u00e9cors.<\/p>\n<p>D\u2019autres sont reproduites en mati\u00e8re souple pour permettre aux com\u00e9diens de r\u00e9aliser leurs cascades en toute s\u00e9curit\u00e9.<\/p>\n<\/div>\n<\/div>\n<\/div>\n<\/div>\n<div class=\"bloc-info desktop\">\n<div class=\"row align-items-center\">\n<div class=\"col-sm-12 col-xs-12 col-md-6 description\">\n<div>\n<h2>Les effets de tir<\/h2>\n<p>Tirant exclusivement \u00e0 blanc, nos armes reproduisent flammes, \u00e9jections, effets sonores comme le feraient des armes r\u00e9elles.<\/p>\n<p>\u00c9quip\u00e9es de dispositifs sp\u00e9ciaux, elles peuvent cependant tirer sans bruit ou sans flamme suivant les besoins sp\u00e9cifiques de certaines s\u00e9quences.<\/p>\n<\/div>\n<\/div>\n<div class=\"col-sm-12 col-xs-12 col-md-6\">\n<p><img decoding=\"async\" class=\"bordered\" src=\"https:\/\/maratier.com\/wp-content\/uploads\/2019\/07\/maratier-site-20.png\" alt=\"Armes r\u00e9elles\" \/><\/p>\n<\/div>\n<\/div>\n<\/div>\n<div class=\"bloc-info mobile\">\n<div class=\"row align-items-center\">\n<div class=\"col-sm-12 col-xs-12 col-md-6\">\n<p><img decoding=\"async\" class=\"bordered\" src=\"https:\/\/maratier.com\/wp-content\/uploads\/2019\/07\/maratier-site-20.png\" alt=\"Armes r\u00e9elles\" \/><\/p>\n<\/div>\n<div class=\"col-sm-12 col-xs-12 col-md-6 description\">\n<div>\n<h2>Les effets de tir<\/h2>\n<p>Tirant exclusivement \u00e0 blanc, nos armes reproduisent flammes, \u00e9jections, effets sonores comme le feraient des armes r\u00e9elles.<\/p>\n<p>\u00c9quip\u00e9es de dispositifs sp\u00e9ciaux, elles peuvent cependant tirer sans bruit ou sans flamme suivant les besoins sp\u00e9cifiques de certaines s\u00e9quences.<\/p>\n<\/div>\n<\/div>\n<\/div>\n<\/div>\n<div class=\"bloc-info\">\n<div class=\"row align-items-center\">\n<div class=\"col-sm-12 col-xs-12 col-md-6\"><img decoding=\"async\" class=\"bordered\" src=\"https:\/\/maratier.com\/wp-content\/uploads\/2019\/07\/maratier-site-23.png\" alt=\"Conseiller &amp; coach\" \/><\/div>\n<div class=\"col-sm-12 col-xs-12 col-md-6 description\">\n<div>\n<h2>Conseiller &amp; coach<\/h2>\n<p>Si vous le souhaitez, nous vous accompagnons sur vos projets, nous vous conseillons sur le choix des armes en nous appuyant sur nos connaissances techniques et historiques.<\/p>\n<p>Un fond documentaire est \u00e0 votre disposition sur vos projets d&rsquo;\u00e9poque.<\/p>\n<p>Un armurier peut vous accompagner de la pr\u00e9paration au tournage, proposant une formation aux com\u00e9diens pour ma\u00eetriser la s\u00e9curit\u00e9 et le maniement des armes.<\/p>\n<\/div>\n<\/div>\n<\/div>\n<\/div>\n<div class=\"bloc-info desktop\">\n<div class=\"row align-items-center\">\n<div class=\"col-sm-12 col-xs-12 col-md-6 description\">\n<h2>JMC TEAM<\/h2>\n<p>La soci\u00e9t\u00e9 JMC Team, qui a \u00e9t\u00e9 cr\u00e9e par Christophe Maratier et Jean Michel Chapelain, un ancien membre du GIGN, m\u00e8ne des missions de coaching sur le d\u00e9veloppement, l\u2019utilisation des \u00e9quipements ou le langage professionnel des \u00e9quipes d\u2019intervention. Ils fournissent des \u00e9quipes form\u00e9es et tout le mat\u00e9riel n\u00e9cessaire : uniformes, casques, protections, balistiques, armes et accessoires.<\/p>\n<\/div>\n<div class=\"col-sm-12 col-xs-12 col-md-6\">\n<p><img decoding=\"async\" class=\"bordered\" src=\"https:\/\/maratier.com\/wp-content\/uploads\/2019\/07\/maratier-site-25.png\" alt=\"JMC TEAM\" \/><\/p>\n<\/div>\n<\/div>\n<\/div>\n<div class=\"bloc-info mobile\">\n<div class=\"row align-items-center\">\n<div class=\"col-sm-12 col-xs-12 col-md-6\">\n<p><img decoding=\"async\" class=\"bordered\" src=\"https:\/\/maratier.com\/wp-content\/uploads\/2019\/07\/maratier-site-25.png\" alt=\"JMC TEAM\" \/><\/p>\n<\/div>\n<div class=\"col-sm-12 col-xs-12 col-md-6 description\">\n<h2>JMC TEAM<\/h2>\n<p>La soci\u00e9t\u00e9 JMC Team, qui a \u00e9t\u00e9 cr\u00e9e par Christophe Maratier et Jean Michel Chapelain, un ancien membre du GIGN, m\u00e8ne des missions de coaching sur le d\u00e9veloppement, l\u2019utilisation des \u00e9quipements ou le langage professionnel des \u00e9quipes d\u2019intervention. Ils fournissent des \u00e9quipes form\u00e9es et tout le mat\u00e9riel n\u00e9cessaire : uniformes, casques, protections, balistiques, armes et accessoires.<\/p>\n<\/div>\n<\/div>\n<\/div>\n<div class=\"bloc-info\">\n<div class=\"row align-items-center\">\n<div class=\"col-sm-12 col-xs-12 col-md-6\"><img decoding=\"async\" class=\"bordered\" src=\"https:\/\/maratier.com\/wp-content\/uploads\/2019\/07\/maratier-site-24.png\" alt=\"Cr\u00e9ation\" \/><\/div>\n<div class=\"col-sm-12 col-xs-12 col-md-6 description\">\n<div>\n<h2>Cr\u00e9ation<\/h2>\n<p>Notre atelier nous permet de r\u00e9aliser les modifications souhait\u00e9es sur les armes, la r\u00e9alisation d&rsquo;accessoires sp\u00e9ciaux, en ma\u00eetrisant le travail du cuir, du m\u00e9tal et du bois.<\/p>\n<p>Nous r\u00e9alisons \u00e9galement des \u00e9l\u00e9ments de costumes tels que les armures, les casques et la buffleterie.<\/p>\n<\/div>\n<\/div>\n<\/div>\n<\/div>\n","protected":false},"excerpt":{"rendered":"<p>Install\u00e9e en r\u00e9gion parisienne, la soci\u00e9t\u00e9 Maratier est sp\u00e9cialis\u00e9e dans la location d\u2019armes et costumes r\u00e9glement\u00e9s. Elle est une v\u00e9ritable r\u00e9f\u00e9rence dans le monde cin\u00e9matographique fran\u00e7ais et europ\u00e9en.La soci\u00e9t\u00e9 offre un service client\u00e8le personnalis\u00e9 qui s\u2019appuie sur un stock de plus de 15 000 armes, couvrant toutes les \u00e9poques, o\u00f9 se c\u00f4toient les arm\u00e9es romaines [&hellip;]<\/p>\n","protected":false},"author":1,"featured_media":0,"parent":0,"menu_order":0,"comment_status":"closed","ping_status":"closed","template":"","meta":{"_acf_changed":false,"footnotes":""},"class_list":["post-2","page","type-page","status-publish","hentry"],"acf":[],"yoast_head":"<!-- This site is optimized with the Yoast SEO plugin v25.1 - https:\/\/yoast.com\/wordpress\/plugins\/seo\/ -->\n<title>Activit\u00e9 - Maratier<\/title>\n<meta name=\"robots\" content=\"index, follow, max-snippet:-1, max-image-preview:large, max-video-preview:-1\" \/>\n<link rel=\"canonical\" href=\"https:\/\/maratier.com\/fr\/activite\/\" \/>\n<meta property=\"og:locale\" content=\"fr_FR\" \/>\n<meta property=\"og:type\" content=\"article\" \/>\n<meta property=\"og:title\" content=\"Activit\u00e9 - Maratier\" \/>\n<meta property=\"og:description\" content=\"Install\u00e9e en r\u00e9gion parisienne, la soci\u00e9t\u00e9 Maratier est sp\u00e9cialis\u00e9e dans la location d\u2019armes et costumes r\u00e9glement\u00e9s. Elle est une v\u00e9ritable r\u00e9f\u00e9rence dans le monde cin\u00e9matographique fran\u00e7ais et europ\u00e9en.La soci\u00e9t\u00e9 offre un service client\u00e8le personnalis\u00e9 qui s\u2019appuie sur un stock de plus de 15 000 armes, couvrant toutes les \u00e9poques, o\u00f9 se c\u00f4toient les arm\u00e9es romaines [&hellip;]\" \/>\n<meta property=\"og:url\" content=\"https:\/\/maratier.com\/fr\/activite\/\" \/>\n<meta property=\"og:site_name\" content=\"Maratier\" \/>\n<meta property=\"article:modified_time\" content=\"2020-01-14T15:46:21+00:00\" \/>\n<meta property=\"og:image\" content=\"https:\/\/maratier.com\/wp-content\/uploads\/2019\/07\/maratier.png\" \/>\n<meta name=\"twitter:card\" content=\"summary_large_image\" \/>\n<meta name=\"twitter:label1\" content=\"Dur\u00e9e de lecture estim\u00e9e\" \/>\n\t<meta name=\"twitter:data1\" content=\"4 minutes\" \/>\n<script type=\"application\/ld+json\" class=\"yoast-schema-graph\">{\"@context\":\"https:\/\/schema.org\",\"@graph\":[{\"@type\":\"WebPage\",\"@id\":\"https:\/\/maratier.com\/fr\/activite\/\",\"url\":\"https:\/\/maratier.com\/fr\/activite\/\",\"name\":\"Activit\u00e9 - Maratier\",\"isPartOf\":{\"@id\":\"https:\/\/maratier.com\/fr\/#website\"},\"primaryImageOfPage\":{\"@id\":\"https:\/\/maratier.com\/fr\/activite\/#primaryimage\"},\"image\":{\"@id\":\"https:\/\/maratier.com\/fr\/activite\/#primaryimage\"},\"thumbnailUrl\":\"https:\/\/maratier.com\/wp-content\/uploads\/2019\/07\/maratier.png\",\"datePublished\":\"2019-06-14T13:36:56+00:00\",\"dateModified\":\"2020-01-14T15:46:21+00:00\",\"breadcrumb\":{\"@id\":\"https:\/\/maratier.com\/fr\/activite\/#breadcrumb\"},\"inLanguage\":\"fr-FR\",\"potentialAction\":[{\"@type\":\"ReadAction\",\"target\":[\"https:\/\/maratier.com\/fr\/activite\/\"]}]},{\"@type\":\"ImageObject\",\"inLanguage\":\"fr-FR\",\"@id\":\"https:\/\/maratier.com\/fr\/activite\/#primaryimage\",\"url\":\"https:\/\/maratier.com\/wp-content\/uploads\/2019\/07\/maratier.png\",\"contentUrl\":\"https:\/\/maratier.com\/wp-content\/uploads\/2019\/07\/maratier.png\"},{\"@type\":\"BreadcrumbList\",\"@id\":\"https:\/\/maratier.com\/fr\/activite\/#breadcrumb\",\"itemListElement\":[{\"@type\":\"ListItem\",\"position\":1,\"name\":\"Accueil\",\"item\":\"https:\/\/maratier.com\/fr\/\"},{\"@type\":\"ListItem\",\"position\":2,\"name\":\"Activit\u00e9\"}]},{\"@type\":\"WebSite\",\"@id\":\"https:\/\/maratier.com\/fr\/#website\",\"url\":\"https:\/\/maratier.com\/fr\/\",\"name\":\"Maratier\",\"description\":\"Armes et Costumes\",\"publisher\":{\"@id\":\"https:\/\/maratier.com\/fr\/#organization\"},\"potentialAction\":[{\"@type\":\"SearchAction\",\"target\":{\"@type\":\"EntryPoint\",\"urlTemplate\":\"https:\/\/maratier.com\/fr\/?s={search_term_string}\"},\"query-input\":{\"@type\":\"PropertyValueSpecification\",\"valueRequired\":true,\"valueName\":\"search_term_string\"}}],\"inLanguage\":\"fr-FR\"},{\"@type\":\"Organization\",\"@id\":\"https:\/\/maratier.com\/fr\/#organization\",\"name\":\"Maratier\",\"url\":\"https:\/\/maratier.com\/fr\/\",\"logo\":{\"@type\":\"ImageObject\",\"inLanguage\":\"fr-FR\",\"@id\":\"https:\/\/maratier.com\/fr\/#\/schema\/logo\/image\/\",\"url\":\"https:\/\/maratier.com\/wp-content\/uploads\/2020\/07\/LogoMaratier_Blanc.png\",\"contentUrl\":\"https:\/\/maratier.com\/wp-content\/uploads\/2020\/07\/LogoMaratier_Blanc.png\",\"width\":850,\"height\":595,\"caption\":\"Maratier\"},\"image\":{\"@id\":\"https:\/\/maratier.com\/fr\/#\/schema\/logo\/image\/\"}}]}<\/script>\n<!-- \/ Yoast SEO plugin. -->","yoast_head_json":{"title":"Activit\u00e9 - Maratier","robots":{"index":"index","follow":"follow","max-snippet":"max-snippet:-1","max-image-preview":"max-image-preview:large","max-video-preview":"max-video-preview:-1"},"canonical":"https:\/\/maratier.com\/fr\/activite\/","og_locale":"fr_FR","og_type":"article","og_title":"Activit\u00e9 - Maratier","og_description":"Install\u00e9e en r\u00e9gion parisienne, la soci\u00e9t\u00e9 Maratier est sp\u00e9cialis\u00e9e dans la location d\u2019armes et costumes r\u00e9glement\u00e9s. Elle est une v\u00e9ritable r\u00e9f\u00e9rence dans le monde cin\u00e9matographique fran\u00e7ais et europ\u00e9en.La soci\u00e9t\u00e9 offre un service client\u00e8le personnalis\u00e9 qui s\u2019appuie sur un stock de plus de 15 000 armes, couvrant toutes les \u00e9poques, o\u00f9 se c\u00f4toient les arm\u00e9es romaines [&hellip;]","og_url":"https:\/\/maratier.com\/fr\/activite\/","og_site_name":"Maratier","article_modified_time":"2020-01-14T15:46:21+00:00","og_image":[{"url":"https:\/\/maratier.com\/wp-content\/uploads\/2019\/07\/maratier.png","type":"","width":"","height":""}],"twitter_card":"summary_large_image","twitter_misc":{"Dur\u00e9e de lecture estim\u00e9e":"4 minutes"},"schema":{"@context":"https:\/\/schema.org","@graph":[{"@type":"WebPage","@id":"https:\/\/maratier.com\/fr\/activite\/","url":"https:\/\/maratier.com\/fr\/activite\/","name":"Activit\u00e9 - Maratier","isPartOf":{"@id":"https:\/\/maratier.com\/fr\/#website"},"primaryImageOfPage":{"@id":"https:\/\/maratier.com\/fr\/activite\/#primaryimage"},"image":{"@id":"https:\/\/maratier.com\/fr\/activite\/#primaryimage"},"thumbnailUrl":"https:\/\/maratier.com\/wp-content\/uploads\/2019\/07\/maratier.png","datePublished":"2019-06-14T13:36:56+00:00","dateModified":"2020-01-14T15:46:21+00:00","breadcrumb":{"@id":"https:\/\/maratier.com\/fr\/activite\/#breadcrumb"},"inLanguage":"fr-FR","potentialAction":[{"@type":"ReadAction","target":["https:\/\/maratier.com\/fr\/activite\/"]}]},{"@type":"ImageObject","inLanguage":"fr-FR","@id":"https:\/\/maratier.com\/fr\/activite\/#primaryimage","url":"https:\/\/maratier.com\/wp-content\/uploads\/2019\/07\/maratier.png","contentUrl":"https:\/\/maratier.com\/wp-content\/uploads\/2019\/07\/maratier.png"},{"@type":"BreadcrumbList","@id":"https:\/\/maratier.com\/fr\/activite\/#breadcrumb","itemListElement":[{"@type":"ListItem","position":1,"name":"Accueil","item":"https:\/\/maratier.com\/fr\/"},{"@type":"ListItem","position":2,"name":"Activit\u00e9"}]},{"@type":"WebSite","@id":"https:\/\/maratier.com\/fr\/#website","url":"https:\/\/maratier.com\/fr\/","name":"Maratier","description":"Armes et Costumes","publisher":{"@id":"https:\/\/maratier.com\/fr\/#organization"},"potentialAction":[{"@type":"SearchAction","target":{"@type":"EntryPoint","urlTemplate":"https:\/\/maratier.com\/fr\/?s={search_term_string}"},"query-input":{"@type":"PropertyValueSpecification","valueRequired":true,"valueName":"search_term_string"}}],"inLanguage":"fr-FR"},{"@type":"Organization","@id":"https:\/\/maratier.com\/fr\/#organization","name":"Maratier","url":"https:\/\/maratier.com\/fr\/","logo":{"@type":"ImageObject","inLanguage":"fr-FR","@id":"https:\/\/maratier.com\/fr\/#\/schema\/logo\/image\/","url":"https:\/\/maratier.com\/wp-content\/uploads\/2020\/07\/LogoMaratier_Blanc.png","contentUrl":"https:\/\/maratier.com\/wp-content\/uploads\/2020\/07\/LogoMaratier_Blanc.png","width":850,"height":595,"caption":"Maratier"},"image":{"@id":"https:\/\/maratier.com\/fr\/#\/schema\/logo\/image\/"}}]}},"wps_subtitle":"Location d\u2019armes et de costumes pour le cin\u00e9ma depuis 1968","_links":{"self":[{"href":"https:\/\/maratier.com\/fr\/wp-json\/wp\/v2\/pages\/2"}],"collection":[{"href":"https:\/\/maratier.com\/fr\/wp-json\/wp\/v2\/pages"}],"about":[{"href":"https:\/\/maratier.com\/fr\/wp-json\/wp\/v2\/types\/page"}],"author":[{"embeddable":true,"href":"https:\/\/maratier.com\/fr\/wp-json\/wp\/v2\/users\/1"}],"replies":[{"embeddable":true,"href":"https:\/\/maratier.com\/fr\/wp-json\/wp\/v2\/comments?post=2"}],"version-history":[{"count":24,"href":"https:\/\/maratier.com\/fr\/wp-json\/wp\/v2\/pages\/2\/revisions"}],"predecessor-version":[{"id":724,"href":"https:\/\/maratier.com\/fr\/wp-json\/wp\/v2\/pages\/2\/revisions\/724"}],"wp:attachment":[{"href":"https:\/\/maratier.com\/fr\/wp-json\/wp\/v2\/media?parent=2"}],"curies":[{"name":"wp","href":"https:\/\/api.w.org\/{rel}","templated":true}]}}