{"id":300,"date":"2019-07-25T16:54:06","date_gmt":"2019-07-25T14:54:06","guid":{"rendered":"https:\/\/maratier.com\/?page_id=300"},"modified":"2020-07-07T14:56:36","modified_gmt":"2020-07-07T12:56:36","slug":"mentions-legales","status":"publish","type":"page","link":"https:\/\/maratier.com\/fr\/mentions-legales\/","title":{"rendered":"Mentions l\u00e9gales"},"content":{"rendered":"<h3>\u00c9diteur du site :<\/h3>\n<p>Soci\u00e9t\u00e9 MARATIER-AUTO-TELE-CINEMA au capital social de 15 244,90 \u20ac<br \/>\nImmatricul\u00e9e au RCS le 22-01-1974<\/p>\n<p>SIRET : 30007210500053<\/p>\n<p>6 PL DE LA MADELEINE<br \/>\n75008 PARIS<\/p>\n<p>T\u00e9l\u00e9phone : <a href=\"tel:0148343621\">01 48 34 36 21<\/a><br \/>\nDirecteur de la publication :\u00a0 M Jean MARATIER, Directeur G\u00e9n\u00e9ral<\/p>\n<h3>H\u00e9bergeur du site :<\/h3>\n<p><strong>Bewym<\/strong><\/p>\n<p>Adresse:<\/p>\n<p>41 rue poliveau<br \/>\n75005 paris<br \/>\nFrance<br \/>\nT\u00e9l\u00e9phone: 01 84 25 35 35<\/p>\n<h5>Site internet r\u00e9alis\u00e9 par l\u2019agence\u00a0<a title=\"Agence web positive\" href=\"https:\/\/positive.paris\/\">positive.paris<\/a><\/h5>\n","protected":false},"excerpt":{"rendered":"<p>\u00c9diteur du site : Soci\u00e9t\u00e9 MARATIER-AUTO-TELE-CINEMA au capital social de 15 244,90 \u20ac Immatricul\u00e9e au RCS le 22-01-1974 SIRET : 30007210500053 6 PL DE LA MADELEINE 75008 PARIS T\u00e9l\u00e9phone : 01 48 34 36 21 Directeur de la publication :\u00a0 M Jean MARATIER, Directeur G\u00e9n\u00e9ral H\u00e9bergeur du site : Bewym Adresse: 41 rue poliveau 75005 [&hellip;]<\/p>\n","protected":false},"author":1,"featured_media":0,"parent":0,"menu_order":0,"comment_status":"closed","ping_status":"closed","template":"","meta":{"_acf_changed":false,"footnotes":""},"class_list":["post-300","page","type-page","status-publish","hentry"],"acf":[],"yoast_head":"<!-- This site is optimized with the Yoast SEO plugin v25.1 - https:\/\/yoast.com\/wordpress\/plugins\/seo\/ -->\n<title>Mentions l\u00e9gales - Maratier<\/title>\n<meta name=\"robots\" content=\"index, follow, max-snippet:-1, max-image-preview:large, max-video-preview:-1\" \/>\n<link rel=\"canonical\" href=\"https:\/\/maratier.com\/fr\/mentions-legales\/\" \/>\n<meta property=\"og:locale\" content=\"fr_FR\" \/>\n<meta property=\"og:type\" content=\"article\" \/>\n<meta property=\"og:title\" content=\"Mentions l\u00e9gales - Maratier\" \/>\n<meta property=\"og:description\" content=\"\u00c9diteur du site : Soci\u00e9t\u00e9 MARATIER-AUTO-TELE-CINEMA au capital social de 15 244,90 \u20ac Immatricul\u00e9e au RCS le 22-01-1974 SIRET : 30007210500053 6 PL DE LA MADELEINE 75008 PARIS T\u00e9l\u00e9phone : 01 48 34 36 21 Directeur de la publication :\u00a0 M Jean MARATIER, Directeur G\u00e9n\u00e9ral H\u00e9bergeur du site : Bewym Adresse: 41 rue poliveau 75005 [&hellip;]\" \/>\n<meta property=\"og:url\" content=\"https:\/\/maratier.com\/fr\/mentions-legales\/\" \/>\n<meta property=\"og:site_name\" content=\"Maratier\" \/>\n<meta property=\"article:modified_time\" content=\"2020-07-07T12:56:36+00:00\" \/>\n<meta name=\"twitter:card\" content=\"summary_large_image\" \/>\n<script type=\"application\/ld+json\" class=\"yoast-schema-graph\">{\"@context\":\"https:\/\/schema.org\",\"@graph\":[{\"@type\":\"WebPage\",\"@id\":\"https:\/\/maratier.com\/fr\/mentions-legales\/\",\"url\":\"https:\/\/maratier.com\/fr\/mentions-legales\/\",\"name\":\"Mentions l\u00e9gales - Maratier\",\"isPartOf\":{\"@id\":\"https:\/\/maratier.com\/fr\/#website\"},\"datePublished\":\"2019-07-25T14:54:06+00:00\",\"dateModified\":\"2020-07-07T12:56:36+00:00\",\"breadcrumb\":{\"@id\":\"https:\/\/maratier.com\/fr\/mentions-legales\/#breadcrumb\"},\"inLanguage\":\"fr-FR\",\"potentialAction\":[{\"@type\":\"ReadAction\",\"target\":[\"https:\/\/maratier.com\/fr\/mentions-legales\/\"]}]},{\"@type\":\"BreadcrumbList\",\"@id\":\"https:\/\/maratier.com\/fr\/mentions-legales\/#breadcrumb\",\"itemListElement\":[{\"@type\":\"ListItem\",\"position\":1,\"name\":\"Accueil\",\"item\":\"https:\/\/maratier.com\/fr\/\"},{\"@type\":\"ListItem\",\"position\":2,\"name\":\"Mentions l\u00e9gales\"}]},{\"@type\":\"WebSite\",\"@id\":\"https:\/\/maratier.com\/fr\/#website\",\"url\":\"https:\/\/maratier.com\/fr\/\",\"name\":\"Maratier\",\"description\":\"Armes et Costumes\",\"publisher\":{\"@id\":\"https:\/\/maratier.com\/fr\/#organization\"},\"potentialAction\":[{\"@type\":\"SearchAction\",\"target\":{\"@type\":\"EntryPoint\",\"urlTemplate\":\"https:\/\/maratier.com\/fr\/?s={search_term_string}\"},\"query-input\":{\"@type\":\"PropertyValueSpecification\",\"valueRequired\":true,\"valueName\":\"search_term_string\"}}],\"inLanguage\":\"fr-FR\"},{\"@type\":\"Organization\",\"@id\":\"https:\/\/maratier.com\/fr\/#organization\",\"name\":\"Maratier\",\"url\":\"https:\/\/maratier.com\/fr\/\",\"logo\":{\"@type\":\"ImageObject\",\"inLanguage\":\"fr-FR\",\"@id\":\"https:\/\/maratier.com\/fr\/#\/schema\/logo\/image\/\",\"url\":\"https:\/\/maratier.com\/wp-content\/uploads\/2020\/07\/LogoMaratier_Blanc.png\",\"contentUrl\":\"https:\/\/maratier.com\/wp-content\/uploads\/2020\/07\/LogoMaratier_Blanc.png\",\"width\":850,\"height\":595,\"caption\":\"Maratier\"},\"image\":{\"@id\":\"https:\/\/maratier.com\/fr\/#\/schema\/logo\/image\/\"}}]}<\/script>\n<!-- \/ Yoast SEO plugin. -->","yoast_head_json":{"title":"Mentions l\u00e9gales - Maratier","robots":{"index":"index","follow":"follow","max-snippet":"max-snippet:-1","max-image-preview":"max-image-preview:large","max-video-preview":"max-video-preview:-1"},"canonical":"https:\/\/maratier.com\/fr\/mentions-legales\/","og_locale":"fr_FR","og_type":"article","og_title":"Mentions l\u00e9gales - Maratier","og_description":"\u00c9diteur du site : Soci\u00e9t\u00e9 MARATIER-AUTO-TELE-CINEMA au capital social de 15 244,90 \u20ac Immatricul\u00e9e au RCS le 22-01-1974 SIRET : 30007210500053 6 PL DE LA MADELEINE 75008 PARIS T\u00e9l\u00e9phone : 01 48 34 36 21 Directeur de la publication :\u00a0 M Jean MARATIER, Directeur G\u00e9n\u00e9ral H\u00e9bergeur du site : Bewym Adresse: 41 rue poliveau 75005 [&hellip;]","og_url":"https:\/\/maratier.com\/fr\/mentions-legales\/","og_site_name":"Maratier","article_modified_time":"2020-07-07T12:56:36+00:00","twitter_card":"summary_large_image","schema":{"@context":"https:\/\/schema.org","@graph":[{"@type":"WebPage","@id":"https:\/\/maratier.com\/fr\/mentions-legales\/","url":"https:\/\/maratier.com\/fr\/mentions-legales\/","name":"Mentions l\u00e9gales - Maratier","isPartOf":{"@id":"https:\/\/maratier.com\/fr\/#website"},"datePublished":"2019-07-25T14:54:06+00:00","dateModified":"2020-07-07T12:56:36+00:00","breadcrumb":{"@id":"https:\/\/maratier.com\/fr\/mentions-legales\/#breadcrumb"},"inLanguage":"fr-FR","potentialAction":[{"@type":"ReadAction","target":["https:\/\/maratier.com\/fr\/mentions-legales\/"]}]},{"@type":"BreadcrumbList","@id":"https:\/\/maratier.com\/fr\/mentions-legales\/#breadcrumb","itemListElement":[{"@type":"ListItem","position":1,"name":"Accueil","item":"https:\/\/maratier.com\/fr\/"},{"@type":"ListItem","position":2,"name":"Mentions l\u00e9gales"}]},{"@type":"WebSite","@id":"https:\/\/maratier.com\/fr\/#website","url":"https:\/\/maratier.com\/fr\/","name":"Maratier","description":"Armes et Costumes","publisher":{"@id":"https:\/\/maratier.com\/fr\/#organization"},"potentialAction":[{"@type":"SearchAction","target":{"@type":"EntryPoint","urlTemplate":"https:\/\/maratier.com\/fr\/?s={search_term_string}"},"query-input":{"@type":"PropertyValueSpecification","valueRequired":true,"valueName":"search_term_string"}}],"inLanguage":"fr-FR"},{"@type":"Organization","@id":"https:\/\/maratier.com\/fr\/#organization","name":"Maratier","url":"https:\/\/maratier.com\/fr\/","logo":{"@type":"ImageObject","inLanguage":"fr-FR","@id":"https:\/\/maratier.com\/fr\/#\/schema\/logo\/image\/","url":"https:\/\/maratier.com\/wp-content\/uploads\/2020\/07\/LogoMaratier_Blanc.png","contentUrl":"https:\/\/maratier.com\/wp-content\/uploads\/2020\/07\/LogoMaratier_Blanc.png","width":850,"height":595,"caption":"Maratier"},"image":{"@id":"https:\/\/maratier.com\/fr\/#\/schema\/logo\/image\/"}}]}},"wps_subtitle":"","_links":{"self":[{"href":"https:\/\/maratier.com\/fr\/wp-json\/wp\/v2\/pages\/300"}],"collection":[{"href":"https:\/\/maratier.com\/fr\/wp-json\/wp\/v2\/pages"}],"about":[{"href":"https:\/\/maratier.com\/fr\/wp-json\/wp\/v2\/types\/page"}],"author":[{"embeddable":true,"href":"https:\/\/maratier.com\/fr\/wp-json\/wp\/v2\/users\/1"}],"replies":[{"embeddable":true,"href":"https:\/\/maratier.com\/fr\/wp-json\/wp\/v2\/comments?post=300"}],"version-history":[{"count":1,"href":"https:\/\/maratier.com\/fr\/wp-json\/wp\/v2\/pages\/300\/revisions"}],"predecessor-version":[{"id":301,"href":"https:\/\/maratier.com\/fr\/wp-json\/wp\/v2\/pages\/300\/revisions\/301"}],"wp:attachment":[{"href":"https:\/\/maratier.com\/fr\/wp-json\/wp\/v2\/media?parent=300"}],"curies":[{"name":"wp","href":"https:\/\/api.w.org\/{rel}","templated":true}]}}